{"id":1086,"date":"2011-08-05T14:38:34","date_gmt":"2011-08-05T17:38:34","guid":{"rendered":"http:\/\/tatianabertapsicologa.com\/?page_id=6"},"modified":"2020-02-03T14:03:05","modified_gmt":"2020-02-03T14:03:05","slug":"agenda","status":"publish","type":"page","link":"https:\/\/tatianabertapsicologa.com.br\/new\/?page_id=1086","title":{"rendered":"Agendamento"},"content":{"rendered":"<div class=\"box shadow  aligncenter\"><div class=\"box-inner-block\"><i class=\"fa tie-shortcode-boxicon\"><\/i>\n\t\t\t<span style=\"font-size: medium;\"><strong>Hor\u00e1rios de Atendimento:<br \/>\n<\/strong><\/span><span style=\"font-size: medium;\">Segunda \u00e0 Sexta-feira, das 8h \u00e0s 18h<\/span>\n\t\t\t<\/div><\/div>\n\n\t<script type=\"text\/javascript\">\tjQuery(document).ready(function($){\tjQuery(\"ul.tabs-nav\").tabs(\"> .pane\"); }); <\/script>\n\n\t\t<div class=\"post-tabs-ver\">\n\t\t<ul class=\"tabs-nav\"><li><strong>Consultas para Adultos<\/strong><\/li><li><strong>Consultas para Adolescentes<\/strong><\/li><li><strong>Terapia de Casal<\/strong><\/li><li><strong>Dura\u00e7\u00e3o da Terapia<\/strong><\/li><li><strong>Valores<\/strong><\/li><li><strong>Conv\u00eanios<\/strong><\/li><\/ul>\n\t\t<div class=\"pane\">\n\t\tNo caso de atendimento de adultos, as sess\u00f5es s\u00e3o realizadas, normalmente, uma vez por semana. A freq\u00fc\u00eancia aos atendimentos pode ser aumentada para duas vezes por semana, conforme o caso. A dura\u00e7\u00e3o de cada sess\u00e3o \u00e9 de 50 minutos.\n\t\t<\/div>\n\t\n\t\t<div class=\"pane\">\n\t\tNo caso do atendimento de adolescentes (a partir de doze anos), a primeira sess\u00e3o deve ser realizada com, pelo menos, um dos pais ou respons\u00e1veis. A partir da segunda semana, inicia-se o atendimento do adolescente e ap\u00f3s a realiza\u00e7\u00e3o de, aproximadamente, tr\u00eas sess\u00f5es, os pais ou respons\u00e1veis s\u00e3o convidados para retorno. Sess\u00f5es de psicoeduca\u00e7\u00e3o (orienta\u00e7\u00e3o) ocorrem no decorrer do processo terap\u00eautico. Nestas, os pais ou cuidadores recebem orienta\u00e7\u00f5es que facilitam a realiza\u00e7\u00e3o do processo de forma conjunta, para que os resultados possam ser vistos mais rapidamente. O trabalho em conjunto: fam\u00edlia\/escola\/terapeuta \u00e9 fundamental para o bom andamento do processo.\n\t\t<\/div>\n\t\n\t\t<div class=\"pane\">\n\t\tA terapia de casal ocorre, costumeiramente, na presen\u00e7a de ambos os c\u00f4njuges. A dura\u00e7\u00e3o de cada sess\u00e3o \u00e9 de 1h e 30min e a freq\u00fc\u00eancia \u00e9 semanal. Para a primeira sess\u00e3o \u00e9 convidado o casal e nas duas semanas seguintes, atende-se um dos c\u00f4njuges por vez (neste caso, a dura\u00e7\u00e3o da sess\u00e3o \u00e9 de 50min). A finalidade do encontro individual \u00e9 explorar queixas que, no primeiro encontro, poder\u00e3o n\u00e3o ter aparecido. \n\t\t<\/div>\n\t\n\t\t<div class=\"pane\">\n\t\tO primeiro contato (cliente e psic\u00f3loga) se caracteriza pela possibilidade de in\u00edcio da forma\u00e7\u00e3o de um v\u00ednculo terap\u00eautico. A primeira consulta (como as demais) tem a dura\u00e7\u00e3o de 50min. e objetiva o acolhimento do cliente e de sua demanda (queixas), bem como o esclarecimento de d\u00favidas a respeito do processo. \n\t\t<\/div>\n\t\n\t\t<div class=\"pane\">\n\t\t Para saber o valor da consulta, envie um email para psicologiaberta@yahoo.com.br ou whatsapp (11)98254.6237 e retornaremos o mais breve poss\u00edvel. (<em>*Os atendimentos s\u00e3o particulares. De acordo com a Resolu\u00e7\u00e3o Normativa n\u00ba 211 da ANS, a partir de Junho de 2010, a Psicoterapia teve cobertura ampliada. Sendo assim, os clientes com planos de sa\u00fade podem entrar em contato com seu conv\u00eanio para consultarem os procedimentos de solicita\u00e7\u00e3o de reembolso do valor das consultas<\/em>).\n\t\t<\/div>\n\t\n\t\t<\/div>\n\t\n<p>&nbsp;<\/p>\n<p style=\"text-align: center;\"><a href=\"http:\/\/tatianabertapsicologa.com.br\/home\/?page_id=1121\" class=\"shortc-button medium orange \">Clique aqui para agendar uma consulta ou envie mensagem\u00a0para (11) 98254.6237<\/a>\n","protected":false},"excerpt":{"rendered":"<p>&nbsp;<\/p>\n","protected":false},"author":1,"featured_media":0,"parent":0,"menu_order":0,"comment_status":"closed","ping_status":"closed","template":"","meta":[],"_links":{"self":[{"href":"https:\/\/tatianabertapsicologa.com.br\/new\/index.php?rest_route=\/wp\/v2\/pages\/1086"}],"collection":[{"href":"https:\/\/tatianabertapsicologa.com.br\/new\/index.php?rest_route=\/wp\/v2\/pages"}],"about":[{"href":"https:\/\/tatianabertapsicologa.com.br\/new\/index.php?rest_route=\/wp\/v2\/types\/page"}],"author":[{"embeddable":true,"href":"https:\/\/tatianabertapsicologa.com.br\/new\/index.php?rest_route=\/wp\/v2\/users\/1"}],"replies":[{"embeddable":true,"href":"https:\/\/tatianabertapsicologa.com.br\/new\/index.php?rest_route=%2Fwp%2Fv2%2Fcomments&post=1086"}],"version-history":[{"count":35,"href":"https:\/\/tatianabertapsicologa.com.br\/new\/index.php?rest_route=\/wp\/v2\/pages\/1086\/revisions"}],"predecessor-version":[{"id":2737,"href":"https:\/\/tatianabertapsicologa.com.br\/new\/index.php?rest_route=\/wp\/v2\/pages\/1086\/revisions\/2737"}],"wp:attachment":[{"href":"https:\/\/tatianabertapsicologa.com.br\/new\/index.php?rest_route=%2Fwp%2Fv2%2Fmedia&parent=1086"}],"curies":[{"name":"wp","href":"https:\/\/api.w.org\/{rel}","templated":true}]}}