{"id":1121,"date":"2013-03-04T18:36:11","date_gmt":"2013-03-04T18:36:11","guid":{"rendered":"http:\/\/tatianabertapsicologa.com.br\/home\/?page_id=1121"},"modified":"2021-01-14T00:07:23","modified_gmt":"2021-01-14T03:07:23","slug":"contato","status":"publish","type":"page","link":"https:\/\/tatianabertapsicologa.com.br\/new\/?page_id=1121","title":{"rendered":"Contato"},"content":{"rendered":"\r\n<div role=\"form\" class=\"wpcf7\" id=\"wpcf7-f2506-o1\" lang=\"pt-BR\" dir=\"ltr\">\n<div class=\"screen-reader-response\"><p role=\"status\" aria-live=\"polite\" aria-atomic=\"true\"><\/p> <ul><\/ul><\/div>\n<form action=\"\/new\/index.php?rest_route=%2Fwp%2Fv2%2Fpages%2F1121#wpcf7-f2506-o1\" method=\"post\" class=\"wpcf7-form init\" novalidate=\"novalidate\" data-status=\"init\">\n<div style=\"display: none;\">\n<input type=\"hidden\" name=\"_wpcf7\" value=\"2506\" \/>\n<input type=\"hidden\" name=\"_wpcf7_version\" value=\"5.4.2\" \/>\n<input type=\"hidden\" name=\"_wpcf7_locale\" value=\"pt_BR\" \/>\n<input type=\"hidden\" name=\"_wpcf7_unit_tag\" value=\"wpcf7-f2506-o1\" \/>\n<input type=\"hidden\" name=\"_wpcf7_container_post\" value=\"0\" \/>\n<input type=\"hidden\" name=\"_wpcf7_posted_data_hash\" value=\"\" \/>\n<\/div>\n<p><label> Seu nome (obrigat\u00f3rio)<br \/>\n    <span class=\"wpcf7-form-control-wrap your-name\"><input type=\"text\" name=\"your-name\" value=\"\" size=\"40\" class=\"wpcf7-form-control wpcf7-text wpcf7-validates-as-required\" aria-required=\"true\" aria-invalid=\"false\" \/><\/span> <\/label><\/p>\n<p><label> Seu e-mail (obrigat\u00f3rio)<br \/>\n    <span class=\"wpcf7-form-control-wrap your-email\"><input type=\"email\" name=\"your-email\" value=\"\" size=\"40\" class=\"wpcf7-form-control wpcf7-text wpcf7-email wpcf7-validates-as-required wpcf7-validates-as-email\" aria-required=\"true\" aria-invalid=\"false\" \/><\/span> <\/label><\/p>\n<p><label> Assunto<br \/>\n    <span class=\"wpcf7-form-control-wrap your-subject\"><input type=\"text\" name=\"your-subject\" value=\"\" size=\"40\" class=\"wpcf7-form-control wpcf7-text\" aria-invalid=\"false\" \/><\/span> <\/label><\/p>\n<p><label> Sua mensagem<br \/>\n    <span class=\"wpcf7-form-control-wrap your-message\"><textarea name=\"your-message\" cols=\"40\" rows=\"10\" class=\"wpcf7-form-control wpcf7-textarea\" aria-invalid=\"false\"><\/textarea><\/span> <\/label><\/p>\n<p><input type=\"submit\" value=\"Enviar\" class=\"wpcf7-form-control wpcf7-submit\" \/><\/p>\n<div class=\"wpcf7-response-output\" aria-hidden=\"true\"><\/div><\/form><\/div> O contato tamb\u00e9m pode ser feito por telefone ou <em>whatsapp\u00a0<\/em>(11) 98254.6237<br \/><strong>Atendimentos em S\u00e3o Paulo (presenciais ou <em>online<\/em>): <\/strong>Rua Vergueiro, 2045, cj. 1110 &#8211; Edif\u00edcio Paulista Tower \u00a0(Metr\u00f4 Ana Rosa, pr\u00f3ximo ao Col\u00e9gio Etapa)<\/p>\r\n\r\n\r\n\r\n<p>&nbsp;<\/p>\r\n","protected":false},"excerpt":{"rendered":"<p>O contato tamb\u00e9m pode ser feito por telefone ou whatsapp\u00a0(11) 98254.6237Atendimentos em S\u00e3o Paulo (presenciais ou online): Rua Vergueiro, 2045, cj. 1110 &#8211; Edif\u00edcio Paulista Tower \u00a0(Metr\u00f4 Ana Rosa, pr\u00f3ximo ao Col\u00e9gio Etapa) &nbsp;<\/p>\n","protected":false},"author":1,"featured_media":0,"parent":0,"menu_order":0,"comment_status":"closed","ping_status":"closed","template":"","meta":[],"_links":{"self":[{"href":"https:\/\/tatianabertapsicologa.com.br\/new\/index.php?rest_route=\/wp\/v2\/pages\/1121"}],"collection":[{"href":"https:\/\/tatianabertapsicologa.com.br\/new\/index.php?rest_route=\/wp\/v2\/pages"}],"about":[{"href":"https:\/\/tatianabertapsicologa.com.br\/new\/index.php?rest_route=\/wp\/v2\/types\/page"}],"author":[{"embeddable":true,"href":"https:\/\/tatianabertapsicologa.com.br\/new\/index.php?rest_route=\/wp\/v2\/users\/1"}],"replies":[{"embeddable":true,"href":"https:\/\/tatianabertapsicologa.com.br\/new\/index.php?rest_route=%2Fwp%2Fv2%2Fcomments&post=1121"}],"version-history":[{"count":20,"href":"https:\/\/tatianabertapsicologa.com.br\/new\/index.php?rest_route=\/wp\/v2\/pages\/1121\/revisions"}],"predecessor-version":[{"id":2740,"href":"https:\/\/tatianabertapsicologa.com.br\/new\/index.php?rest_route=\/wp\/v2\/pages\/1121\/revisions\/2740"}],"wp:attachment":[{"href":"https:\/\/tatianabertapsicologa.com.br\/new\/index.php?rest_route=%2Fwp%2Fv2%2Fmedia&parent=1121"}],"curies":[{"name":"wp","href":"https:\/\/api.w.org\/{rel}","templated":true}]}}