{"id":131,"date":"2011-08-08T10:18:11","date_gmt":"2011-08-08T13:18:11","guid":{"rendered":"http:\/\/tatianabertapsicologa.com\/?page_id=131"},"modified":"2018-09-06T15:56:19","modified_gmt":"2018-09-06T15:56:19","slug":"depoimentos","status":"publish","type":"page","link":"https:\/\/tatianabertapsicologa.com.br\/new\/?page_id=131","title":{"rendered":"Psicoterapia"},"content":{"rendered":"\n\t<script type=\"text\/javascript\">\tjQuery(document).ready(function($){\tjQuery(\"ul.tabs-nav\").tabs(\"> .pane\"); }); <\/script>\n\n\t\t<div class=\"post-tabs-ver\">\n\t\t<ul class=\"tabs-nav\"><li>Primeira Consulta<\/li><li>In\u00edcio da terapia<\/li><li>Dura\u00e7\u00e3o do processo terap\u00eautico<\/li><li>Tarefas<\/li><li>Investimento<\/li><li>Conv\u00eanios<\/li><\/ul>\n\t\t<div class=\"pane\">\n\t\t\u00a0 Nesta oportunidade, s\u00e3o conhecidas as demandas de cada cliente e definido um plano de a\u00e7\u00e3o em conjunto com a Psic\u00f3loga, visando o alinhamento dos objetivos e expectativas. A dura\u00e7\u00e3o \u00e9 de, aproximadamente, 50 min. (mesmo tempo previsto para as demais sess\u00f5es, no caso de terapia individual).\n\t\t<\/div>\n\t\n\t\t<div class=\"pane\">\n\t\tA partir desta primeira consulta, d\u00e1-se in\u00edcio ao trabalho terap\u00eautico com as interven\u00e7\u00f5es clinicas, por meio dos procedimentos da Terapia Comportamental e Cognitiva. O trabalho faz-se focado em metas, que podem ser o tratamento de diversas queixas como depress\u00e3o, necessidade de perder de timidez, de falar em p\u00fablico, decidir entre algumas possibilidades de emprego ou relacionamento, lidar melhor com algu\u00e9m importante para voc\u00ea, aprender a conquistar um relacionamento, conseguir posicionar-se profissionalmente, preocupar-se menos, lidar melhor com a ansiedade etc.\n\t\t<\/div>\n\t\n\t\t<div class=\"pane\">\n\t\tO tempo de terapia \u00e9 vari\u00e1vel, dependendo das metas estabelecidas, de acordo com as necessidades de cada paciente.\n\t\t<\/div>\n\t\n\t\t<div class=\"pane\">\n\t\tAlgumas vezes haver\u00e1 tarefas para serem realizadas em casa, ou seja: voc\u00ea poder\u00e1 ser solicitado a escrever alguma coisa, observar ou fazer algo, de acordo com o que estivermos trabalhando nas consultas. N\u00e3o ser\u00e1 obrigat\u00f3rio, mas com certeza auxiliar\u00e1 no andamento do processo terap\u00eautico. A tarefa tem tamb\u00e9m o objetivo de auxiliar o paciente a implementar as mudan\u00e7as que deseja, mantendo-o mais efetivamente no processo de mudan\u00e7as, ainda que n\u00e3o esteja no consult\u00f3rio terap\u00eautico.\n\t\t<\/div>\n\t\n\t\t<div class=\"pane\">\n\t\t\u00c9 poss\u00edvel escolher entre o pagamento por consulta e o pagamento mensal (equivalente a quatro consultas, com desconto). Consulte a psic\u00f3loga a respeito de valores.\n\t\t<\/div>\n\t\n\t\t<div class=\"pane\">\n\t\tDe acordo com a Resolu\u00e7\u00e3o Normativa n\u00ba 211 da ANS, a partir de Junho de 2010, a Psicoterapia teve cobertura ampliada para quarenta consultas por ano. Sendo assim, os clientes podem entrar em contato com seu conv\u00eanio para saberem sobre os procedimentos de solicita\u00e7\u00e3o de reembolso do valor das consultas.\n\t\t<\/div>\n\t\n\t\t<\/div>\n\t\n","protected":false},"excerpt":{"rendered":"","protected":false},"author":1,"featured_media":0,"parent":0,"menu_order":0,"comment_status":"closed","ping_status":"closed","template":"","meta":[],"_links":{"self":[{"href":"https:\/\/tatianabertapsicologa.com.br\/new\/index.php?rest_route=\/wp\/v2\/pages\/131"}],"collection":[{"href":"https:\/\/tatianabertapsicologa.com.br\/new\/index.php?rest_route=\/wp\/v2\/pages"}],"about":[{"href":"https:\/\/tatianabertapsicologa.com.br\/new\/index.php?rest_route=\/wp\/v2\/types\/page"}],"author":[{"embeddable":true,"href":"https:\/\/tatianabertapsicologa.com.br\/new\/index.php?rest_route=\/wp\/v2\/users\/1"}],"replies":[{"embeddable":true,"href":"https:\/\/tatianabertapsicologa.com.br\/new\/index.php?rest_route=%2Fwp%2Fv2%2Fcomments&post=131"}],"version-history":[{"count":19,"href":"https:\/\/tatianabertapsicologa.com.br\/new\/index.php?rest_route=\/wp\/v2\/pages\/131\/revisions"}],"predecessor-version":[{"id":1264,"href":"https:\/\/tatianabertapsicologa.com.br\/new\/index.php?rest_route=\/wp\/v2\/pages\/131\/revisions\/1264"}],"wp:attachment":[{"href":"https:\/\/tatianabertapsicologa.com.br\/new\/index.php?rest_route=%2Fwp%2Fv2%2Fmedia&parent=131"}],"curies":[{"name":"wp","href":"https:\/\/api.w.org\/{rel}","templated":true}]}}