{"id":1332,"date":"2013-03-13T13:44:45","date_gmt":"2013-03-13T13:44:45","guid":{"rendered":"http:\/\/tatianabertapsicologa.com.br\/home\/?page_id=1332"},"modified":"2013-11-17T14:17:02","modified_gmt":"2013-11-17T14:17:02","slug":"lista-dos-artigos","status":"publish","type":"page","link":"https:\/\/tatianabertapsicologa.com.br\/new\/?page_id=1332","title":{"rendered":"Textos e Temas em Psicoterapia"},"content":{"rendered":"<p style=\"text-align: left;\"><div class=\"box success  aligncenter\"><div class=\"box-inner-block\"><i class=\"fa tie-shortcode-boxicon\"><\/i>\n\t\t\t<span style=\"font-size: medium;\">Aqui voc\u00ea encontra v\u00e1rias informa\u00e7\u00f5es sobre comportamento e sa\u00fade publicadas pela Psic\u00f3loga Tatiana Berta<\/span>\n\t\t\t<\/div><\/div>\n<div class=\"box shadow  aligncenter\"><div class=\"box-inner-block\"><i class=\"fa tie-shortcode-boxicon\"><\/i>\n\t\t\t<span style=\"font-size: medium;\"><ul class=\"lcp_catlist\" id=\"lcp_instance_0\"><li><a href=\"https:\/\/tatianabertapsicologa.com.br\/new\/?p=2369\">Como saber se estou no &#8220;piloto autom\u00e1tico&#8221;?<\/a><\/li><li><a href=\"https:\/\/tatianabertapsicologa.com.br\/new\/?p=2134\">\u201cQuem manda na casa?\u201d : diferen\u00e7as entre falta de limites e transtorno de comportamento<\/a><\/li><li><a href=\"https:\/\/tatianabertapsicologa.com.br\/new\/?p=2165\">A fam\u00edlia vai aumentar. E agora?<\/a><\/li><li><a href=\"https:\/\/tatianabertapsicologa.com.br\/new\/?p=589\">Amor e Limites: equil\u00edbrio necess\u00e1rio!<\/a><\/li><li><a href=\"https:\/\/tatianabertapsicologa.com.br\/new\/?p=1947\">Ansiedade: at\u00e9 que ponto \u00e9 funcional?<\/a><\/li><li><a href=\"https:\/\/tatianabertapsicologa.com.br\/new\/?p=2280\">Apegar-se e desapegar-se: a separa\u00e7\u00e3o como forma de crescimento<\/a><\/li><li><a href=\"https:\/\/tatianabertapsicologa.com.br\/new\/?p=2759\">Aprender come\u00e7a em casa<\/a><\/li><li><a href=\"https:\/\/tatianabertapsicologa.com.br\/new\/?p=73\">Aprendizado por modelos<\/a><\/li><li><a href=\"https:\/\/tatianabertapsicologa.com.br\/new\/?p=1551\">Assertividade: desenvolvendo habilidades sociais<\/a><\/li><li><a href=\"https:\/\/tatianabertapsicologa.com.br\/new\/?p=318\">Assertividade: permitir-se dizer N\u00c3O<\/a><\/li><li><a href=\"https:\/\/tatianabertapsicologa.com.br\/new\/?p=2413\">Assertivo, Passivo ou Agressivo: qual \u00e9 meu padr\u00e3o?<\/a><\/li><li><a href=\"https:\/\/tatianabertapsicologa.com.br\/new\/?p=1848\">Atividades f\u00edsicas: como n\u00e3o deixar para depois?<\/a><\/li><li><a href=\"https:\/\/tatianabertapsicologa.com.br\/new\/?p=560\">Autoestima e Fortalecimento das Rela\u00e7\u00f5es<\/a><\/li><li><a href=\"https:\/\/tatianabertapsicologa.com.br\/new\/?p=126\">Avia\u00e7\u00e3o: como lidar com o desgaste do trabalho nas alturas?<\/a><\/li><li><a href=\"https:\/\/tatianabertapsicologa.com.br\/new\/?p=2085\">Boletins escolares: como lidar com o medo dos resultados?<\/a><\/li><li><a href=\"https:\/\/tatianabertapsicologa.com.br\/new\/?p=118\">Castigo ou Consequ\u00eancia: a import\u00e2ncia de compreender a diferen\u00e7a<\/a><\/li><li><a href=\"https:\/\/tatianabertapsicologa.com.br\/new\/?p=543\">Ci\u00fame: qual \u00e9 o limite?<\/a><\/li><li><a href=\"https:\/\/tatianabertapsicologa.com.br\/new\/?p=2314\">Coaching e Psicoterapia: um di\u00e1logo poss\u00edvel<\/a><\/li><li><a href=\"https:\/\/tatianabertapsicologa.com.br\/new\/?p=1992\">Como ajudar os filhos a lidarem com &#8220;r\u00f3tulos&#8221;?<\/a><\/li><li><a href=\"https:\/\/tatianabertapsicologa.com.br\/new\/?p=2125\">Como auxiliar no aprendizado escolar de nossas crian\u00e7as?<\/a><\/li><li><a href=\"https:\/\/tatianabertapsicologa.com.br\/new\/?p=1904\">Como preparar-se para provas e concursos?<\/a><\/li><li><a href=\"https:\/\/tatianabertapsicologa.com.br\/new\/?p=607\">Consumo excessivo: necessidade ou transtorno de comportamento?<\/a><\/li><li><a href=\"https:\/\/tatianabertapsicologa.com.br\/new\/?p=2431\">Continue! (refletindo sobre a import\u00e2ncia dos desafios)<\/a><\/li><li><a href=\"https:\/\/tatianabertapsicologa.com.br\/new\/?p=78\">Crian\u00e7as e eletr\u00f4nicos: uma combina\u00e7\u00e3o que requer aten\u00e7\u00e3o!<\/a><\/li><li><a href=\"https:\/\/tatianabertapsicologa.com.br\/new\/?p=2168\">Da fam\u00edlia sem filhos ao \u201ctamanho fam\u00edlia\u201d: desejo ou necessidade?<\/a><\/li><li><a href=\"https:\/\/tatianabertapsicologa.com.br\/new\/?p=2285\">De animais de estima\u00e7\u00e3o a \u201cemotional pets\u201d: entenda porque a \u201cbichoterapia\u201d promove mudan\u00e7as<\/a><\/li><li><a href=\"https:\/\/tatianabertapsicologa.com.br\/new\/?p=106\">Depress\u00e3o: um alerta<\/a><\/li><li><a href=\"https:\/\/tatianabertapsicologa.com.br\/new\/?p=2002\">Desilus\u00f5es amorosas: como lidar?<\/a><\/li><li><a href=\"https:\/\/tatianabertapsicologa.com.br\/new\/?p=1605\">Dificuldades ou Transtornos de Aprendizagem: conversando sobre Dislexia, Disgrafia, Discalculia e Dislalia<\/a><\/li><li><a href=\"https:\/\/tatianabertapsicologa.com.br\/new\/?p=109\">Dormir n\u00e3o precisa ser um problema<\/a><\/li><li><a href=\"https:\/\/tatianabertapsicologa.com.br\/new\/?p=286\">Entenda o Transtorno do P\u00e2nico<\/a><\/li><li><a href=\"https:\/\/tatianabertapsicologa.com.br\/new\/?p=113\">Entendendo o Transtorno de D\u00e9ficit de Aten\u00e7\u00e3o\/Hiperatividade: TDAH<\/a><\/li><li><a href=\"https:\/\/tatianabertapsicologa.com.br\/new\/?p=2074\">Esquiva ou \u201csabotagem\u201d: para onde suas escolhas levam voc\u00ea?<\/a><\/li><li><a href=\"https:\/\/tatianabertapsicologa.com.br\/new\/?p=2439\">Estresse p\u00f3s-traum\u00e1tico e impacto na qualidade de vida<\/a><\/li><li><a href=\"https:\/\/tatianabertapsicologa.com.br\/new\/?p=2856\">Hvordan fungerer RNG (tilfeldighetsgenerator) i kasinoautomater?<\/a><\/li><li><a href=\"https:\/\/tatianabertapsicologa.com.br\/new\/?p=2858\">Hvordan kasinoer h\u00e5ndterer pengeoverf\u00f8ringer internasjonalt<\/a><\/li><li><a href=\"https:\/\/tatianabertapsicologa.com.br\/new\/?p=2854\">Hvordan kasinoer tiltrekker seg nye spillere<\/a><\/li><li><a href=\"https:\/\/tatianabertapsicologa.com.br\/new\/?p=2848\">Kaszin\u00f3 biztons\u00e1g: Hogyan v\u00e9dd meg az adataidat?<\/a><\/li><li><a href=\"https:\/\/tatianabertapsicologa.com.br\/new\/?p=2860\">Kaszin\u00f3 etikett: Mit ne tegy\u00e9l a j\u00e1t\u00e9kasztaln\u00e1l?<\/a><\/li><li><a href=\"https:\/\/tatianabertapsicologa.com.br\/new\/?p=2852\">Kaszin\u00f3 j\u00e1t\u00e9kok \u00e9s a felel\u0151ss\u00e9gteljes turizmus<\/a><\/li><li><a href=\"https:\/\/tatianabertapsicologa.com.br\/new\/?p=2850\">Kaszin\u00f3 j\u00e1t\u00e9kok \u00e9s a j\u00e1t\u00e9kfejleszt\u0151k versenye<\/a><\/li><li><a href=\"https:\/\/tatianabertapsicologa.com.br\/new\/?p=2832\">Kaszin\u00f3 j\u00e1t\u00e9kok \u00e9s a j\u00e1t\u00e9kosok visszat\u00e9r\u0151 szok\u00e1sai<\/a><\/li><li><a href=\"https:\/\/tatianabertapsicologa.com.br\/new\/?p=2846\">Kaszin\u00f3 j\u00e1t\u00e9kok \u00e9s a legjobb fizet\u00e9si m\u00f3dok<\/a><\/li><li><a href=\"https:\/\/tatianabertapsicologa.com.br\/new\/?p=2828\">Kaszin\u00f3 j\u00e1t\u00e9kok \u00e9s a p\u00e9nz\u00fcgyi kock\u00e1zatkezel\u00e9s<\/a><\/li><li><a href=\"https:\/\/tatianabertapsicologa.com.br\/new\/?p=2836\">Kaszin\u00f3 j\u00e1t\u00e9kok matematik\u00e1ja: A val\u00f3sz\u00edn\u0171s\u00e9g \u00e9s a h\u00e1z el\u0151nye<\/a><\/li><li><a href=\"https:\/\/tatianabertapsicologa.com.br\/new\/?p=2834\">Kaszin\u00f3 j\u00e1t\u00e9kok szab\u00e1lyai \u00e9s vari\u00e1nsai<\/a><\/li><li><a href=\"https:\/\/tatianabertapsicologa.com.br\/new\/?p=2838\">Kaszin\u00f3 j\u00e1t\u00e9kok: a legjobb tan\u00e1csok kezd\u0151knek<\/a><\/li><li><a href=\"https:\/\/tatianabertapsicologa.com.br\/new\/?p=2842\">Kaszin\u00f3 j\u00e1t\u00e9kosok leggyakoribb k\u00e9rd\u00e9sei \u00e9s v\u00e1laszai<\/a><\/li><li><a href=\"https:\/\/tatianabertapsicologa.com.br\/new\/?p=2840\">Kaszin\u00f3 strat\u00e9gi\u00e1k: Nyerj t\u00f6bbet a rulett asztaln\u00e1l<\/a><\/li><li><a href=\"https:\/\/tatianabertapsicologa.com.br\/new\/?p=2826\">Kaszin\u00f3 turn\u00e9 Magyarorsz\u00e1gon: a legjobb helyek list\u00e1ja<\/a><\/li><li><a href=\"https:\/\/tatianabertapsicologa.com.br\/new\/?p=2830\">Kaszin\u00f3ban val\u00f3 j\u00e1t\u00e9k id\u0151menedzsmentje<\/a><\/li><li><a href=\"https:\/\/tatianabertapsicologa.com.br\/new\/?p=499\">Mania de assistir TV: conversando sobre a fun\u00e7\u00e3o do entretenimento<\/a><\/li><li><a href=\"https:\/\/tatianabertapsicologa.com.br\/new\/?p=1568\">Medo que imobiliza? Saiba a partir de que ponto o medo atrapalha&#8230;<\/a><\/li><li><a href=\"https:\/\/tatianabertapsicologa.com.br\/new\/?p=2329\">Mente difusa: o impacto da falta de aten\u00e7\u00e3o para a qualidade de vida<\/a><\/li><li><a href=\"https:\/\/tatianabertapsicologa.com.br\/new\/?p=736\">Metas ou obriga\u00e7\u00f5es: saiba quando um objetivo passa do limite<\/a><\/li><li><a href=\"https:\/\/tatianabertapsicologa.com.br\/new\/?p=326\">Meu filho precisa de terapia?<\/a><\/li><li><a href=\"https:\/\/tatianabertapsicologa.com.br\/new\/?p=2193\">Mindfulness: presente que se recebe do momento presente!<\/a><\/li><li><a href=\"https:\/\/tatianabertapsicologa.com.br\/new\/?p=2451\">O que \u00e9 plasticidade cerebral e a rela\u00e7\u00e3o com o &#8220;manter-se ativo&#8221;<\/a><\/li><li><a href=\"https:\/\/tatianabertapsicologa.com.br\/new\/?p=760\">O trabalho pode substituir uma perda?<\/a><\/li><li><a href=\"https:\/\/tatianabertapsicologa.com.br\/new\/?p=2844\">Online kaszin\u00f3 regisztr\u00e1ci\u00f3 l\u00e9p\u00e9sei<\/a><\/li><li><a href=\"https:\/\/tatianabertapsicologa.com.br\/new\/?p=2381\">Padr\u00e3o de &#8220;Pensamento Acelerado&#8221;: como identificar e lidar?<\/a><\/li><li><a href=\"https:\/\/tatianabertapsicologa.com.br\/new\/?p=2474\">Por dentro da Terapia de Casal: o que \u00e9, quando e como se faz<\/a><\/li><li><a href=\"https:\/\/tatianabertapsicologa.com.br\/new\/?p=2111\">Por que alguns gestores mandam e outros lideram?<\/a><\/li><li><a href=\"https:\/\/tatianabertapsicologa.com.br\/new\/?p=443\">Por que pode ser t\u00e3o dif\u00edcil relaxar?<\/a><\/li><li><a href=\"https:\/\/tatianabertapsicologa.com.br\/new\/?p=2489\">Posso viajar com meu c\u00e3ozinho de suporte emocional na cabine do avi\u00e3o?<\/a><\/li><li><a href=\"https:\/\/tatianabertapsicologa.com.br\/new\/?p=1661\">Procrastina\u00e7\u00e3o: aprendendo a n\u00e3o &#8220;deixar tudo para depois&#8221;<\/a><\/li><li><a href=\"https:\/\/tatianabertapsicologa.com.br\/new\/?p=273\">Psicoterapia na Terceira Idade<\/a><\/li><li><a href=\"https:\/\/tatianabertapsicologa.com.br\/new\/?p=2228\">Quando o estresse d\u00f3i na pele!<\/a><\/li><li><a href=\"https:\/\/tatianabertapsicologa.com.br\/new\/?p=300\">Quando procurar um Psic\u00f3logo?<\/a><\/li><li><a href=\"https:\/\/tatianabertapsicologa.com.br\/new\/?p=2239\">Quando uma palavra pode mudar o dia de algu\u00e9m&#8230;<\/a><\/li><li><a href=\"https:\/\/tatianabertapsicologa.com.br\/new\/?p=2447\">Raz\u00e3o ou emo\u00e7\u00e3o: nem sempre &#8220;quem&#8221; ganha \u00e9 o vencedor<\/a><\/li><li><a href=\"https:\/\/tatianabertapsicologa.com.br\/new\/?p=452\">Refletindo sobre Comportamento e Indiv\u00edduo<\/a><\/li><li><a href=\"https:\/\/tatianabertapsicologa.com.br\/new\/?p=2053\">Refor\u00e7o escolar: quando \u00e9 necess\u00e1rio?<\/a><\/li><li><a href=\"https:\/\/tatianabertapsicologa.com.br\/new\/?p=815\">Relacionamento: h\u00e1bitos que atrapalham a vida a dois<\/a><\/li><li><a href=\"https:\/\/tatianabertapsicologa.com.br\/new\/?p=2302\">Relacionamentos abusivos: como ocorrem e o que os mant\u00e9m?<\/a><\/li><li><a href=\"https:\/\/tatianabertapsicologa.com.br\/new\/?p=220\">Relacionamentos: Por que nos conformamos em rela\u00e7\u00f5es que n\u00e3o trazem felicidade?<\/a><\/li><li><a href=\"https:\/\/tatianabertapsicologa.com.br\/new\/?p=1689\">Resili\u00eancia: o que nos faz fortes?<\/a><\/li><li><a href=\"https:\/\/tatianabertapsicologa.com.br\/new\/?p=2258\">Saiba se seu filho \u00e9 v\u00edtima de bullying e o que fazer para evitar<\/a><\/li><li><a href=\"https:\/\/tatianabertapsicologa.com.br\/new\/?p=747\">S\u00edndrome de Burnout: saiba reconhecer os fatores de risco<\/a><\/li><li><a href=\"https:\/\/tatianabertapsicologa.com.br\/new\/?p=2479\">Sobre a import\u00e2ncia da regula\u00e7\u00e3o das emo\u00e7\u00f5es<\/a><\/li><li><a href=\"https:\/\/tatianabertapsicologa.com.br\/new\/?p=2348\">Sobre consumo e escolhas: o que pode haver por tr\u00e1s de tantos desejos?<\/a><\/li><li><a href=\"https:\/\/tatianabertapsicologa.com.br\/new\/?p=237\">Somatiza\u00e7\u00e3o: como o nosso corpo &#8220;responde&#8221; ao desgaste?<\/a><\/li><li><a href=\"https:\/\/tatianabertapsicologa.com.br\/new\/?p=2017\">Tarefas: a dif\u00edcil miss\u00e3o!<\/a><\/li><li><a href=\"https:\/\/tatianabertapsicologa.com.br\/new\/?p=1584\">Terapia de Casal: quando buscar ajuda?<\/a><\/li><li><a href=\"https:\/\/tatianabertapsicologa.com.br\/new\/?p=2862\">Tipps f\u00fcr die Auswahl eines seri\u00f6sen Online-Kasinos<\/a><\/li><li><a href=\"https:\/\/tatianabertapsicologa.com.br\/new\/?p=2155\">Transtorno de D\u00e9ficit de Aten\u00e7\u00e3o\/Hiperatividade: quando procurar ajuda?<\/a><\/li><li><a href=\"https:\/\/tatianabertapsicologa.com.br\/new\/?p=2129\">Transtornos alimentares: o que s\u00e3o e como tratar?<\/a><\/li><li><a href=\"https:\/\/tatianabertapsicologa.com.br\/new\/?p=2388\">Transtornos de Ansiedade: o que fazer?<\/a><\/li><li><a href=\"https:\/\/tatianabertapsicologa.com.br\/new\/?p=2179\">Vida de m\u00e3e: como auxiliar no puerp\u00e9rio<\/a><\/li><li><a href=\"https:\/\/tatianabertapsicologa.com.br\/new\/?p=2274\">Vivendo COMpaix\u00e3o!<\/a><\/li><li><a href=\"https:\/\/tatianabertapsicologa.com.br\/new\/?p=2116\">Volta \u00e0s aulas com confian\u00e7a: dez dicas para mam\u00e3es, papais e respons\u00e1veis<\/a><\/li><\/ul><\/span>\n\t\t\t<\/div><\/div>\n<div class=\"box warning  aligncenter\"><div class=\"box-inner-block\"><i class=\"fa tie-shortcode-boxicon\"><\/i>\n\t\t\t<span style=\"font-size: medium;\">O material do site \u00e9 informativo e n\u00e3o substitui a consulta psicol\u00f3gica realizada em consult\u00f3rio.<\/span>\n\t\t\t<\/div><\/div>\n","protected":false},"excerpt":{"rendered":"<p>Depois de algum tempo fora da\u00a0rotina, geralmente caracterizado pelo contato mais frequente com a fam\u00edlia \u2013 isso sem falar nos \u201cmimos\u201d dos av\u00f3s e outros parentes ou amigos, a famosa volta \u00e0s aulas costuma sinalizar, para muitas fam\u00edlias, um per\u00edodo de\u00a0dificuldades, que pode incluir desde recusa da id\u00e9ia de ir para a escola at\u00e9 mesmo &hellip;<\/p>\n","protected":false},"author":1,"featured_media":0,"parent":0,"menu_order":0,"comment_status":"closed","ping_status":"closed","template":"","meta":[],"_links":{"self":[{"href":"https:\/\/tatianabertapsicologa.com.br\/new\/index.php?rest_route=\/wp\/v2\/pages\/1332"}],"collection":[{"href":"https:\/\/tatianabertapsicologa.com.br\/new\/index.php?rest_route=\/wp\/v2\/pages"}],"about":[{"href":"https:\/\/tatianabertapsicologa.com.br\/new\/index.php?rest_route=\/wp\/v2\/types\/page"}],"author":[{"embeddable":true,"href":"https:\/\/tatianabertapsicologa.com.br\/new\/index.php?rest_route=\/wp\/v2\/users\/1"}],"replies":[{"embeddable":true,"href":"https:\/\/tatianabertapsicologa.com.br\/new\/index.php?rest_route=%2Fwp%2Fv2%2Fcomments&post=1332"}],"version-history":[{"count":92,"href":"https:\/\/tatianabertapsicologa.com.br\/new\/index.php?rest_route=\/wp\/v2\/pages\/1332\/revisions"}],"predecessor-version":[{"id":2531,"href":"https:\/\/tatianabertapsicologa.com.br\/new\/index.php?rest_route=\/wp\/v2\/pages\/1332\/revisions\/2531"}],"wp:attachment":[{"href":"https:\/\/tatianabertapsicologa.com.br\/new\/index.php?rest_route=%2Fwp%2Fv2%2Fmedia&parent=1332"}],"curies":[{"name":"wp","href":"https:\/\/api.w.org\/{rel}","templated":true}]}}