{"id":1872,"date":"2014-02-23T15:49:47","date_gmt":"2014-02-23T15:49:47","guid":{"rendered":"http:\/\/tatianabertapsicologa.com.br\/home\/?page_id=1872"},"modified":"2018-09-06T15:58:51","modified_gmt":"2018-09-06T15:58:51","slug":"consultorio","status":"publish","type":"page","link":"https:\/\/tatianabertapsicologa.com.br\/new\/?page_id=1872","title":{"rendered":"Consult\u00f3rio"},"content":{"rendered":"<p style=\"text-align: center;\"><iframe src=\"https:\/\/maps.google.com\/maps?f=q&amp;source=s_q&amp;hl=pt-BR&amp;geocode=&amp;q=Rua+Vergueiro,+2045,+Vila+Mariana,+S%C3%A3o+Paulo,+Brasil&amp;aq=0&amp;oq=rua+vergueiro,+2045&amp;sll=37.0625,-95.677068&amp;sspn=42.224734,86.572266&amp;ie=UTF8&amp;hq=&amp;hnear=Rua+Vergueiro,+2045+-+Vila+Mariana,+S%C3%A3o+Paulo,+04101-100,+Brasil&amp;t=m&amp;ll=-23.580036,-46.638937&amp;spn=0.037759,0.054932&amp;z=14&amp;iwloc=A&amp;output=embed\" height=\"480\" width=\"640\" frameborder=\"0\" marginwidth=\"0\" marginheight=\"0\" scrolling=\"no\"><\/iframe><br \/>\n<small><a style=\"color: #0000ff; text-align: left;\" href=\"https:\/\/maps.google.com\/maps?f=q&amp;source=embed&amp;hl=pt-BR&amp;geocode=&amp;q=Rua+Vergueiro,+2045,+Vila+Mariana,+S%C3%A3o+Paulo,+Brasil&amp;aq=0&amp;oq=rua+vergueiro,+2045&amp;sll=37.0625,-95.677068&amp;sspn=42.224734,86.572266&amp;ie=UTF8&amp;hq=&amp;hnear=Rua+Vergueiro,+2045+-+Vila+Mariana,+S%C3%A3o+Paulo,+04101-100,+Brasil&amp;t=m&amp;ll=-23.580036,-46.638937&amp;spn=0.037759,0.054932&amp;z=14&amp;iwloc=A\">Exibir mapa ampliado<\/a><\/small><\/p>\n<p style=\"text-align: center;\">O consult\u00f3rio est\u00e1 localizado \u00e0 <strong>Rua Vergueiro, 2045\/cj.1110<\/strong> <strong><\/strong>&#8211;\u00a0Edif\u00edcio Paulista Tower<strong>\u00a0<\/strong>(Metr\u00f4 Ana Rosa)<\/p>\n<p style=\"text-align: center;\">Consultas podem ser agendadas por telefone<strong>\u00a0(11) 98254.6237 (<em>whatsapp<\/em>); <\/strong><\/p>\n<p style=\"text-align: center;\"><strong>(11) 4116.0580 (consult\u00f3rio)<\/strong>\u00a0ou e mail\u00a0<strong><a title=\"psicologiaberta@yahoo.com.br\" href=\"http:\/\/tatianabertapsicologa.com.br\/home\/psicologiaberta@yahoo.com.br\">psicologiaberta@yahoo.com.br<\/a><\/strong><\/p>\n<p style=\"text-align: center;\"><strong>\u00a0<\/strong><\/p>\n<p style=\"text-align: center;\"><strong>\u00a0<\/strong><\/p>\n","protected":false},"excerpt":{"rendered":"<p>Exibir mapa ampliado O consult\u00f3rio est\u00e1 localizado \u00e0 Rua Vergueiro, 2045\/cj.1110 &#8211;\u00a0Edif\u00edcio Paulista Tower\u00a0(Metr\u00f4 Ana Rosa) Consultas podem ser agendadas por telefone\u00a0(11) 98254.6237 (whatsapp); (11) 4116.0580 (consult\u00f3rio)\u00a0ou e mail\u00a0psicologiaberta@yahoo.com.br \u00a0 \u00a0<\/p>\n","protected":false},"author":3,"featured_media":0,"parent":0,"menu_order":0,"comment_status":"closed","ping_status":"open","template":"","meta":[],"_links":{"self":[{"href":"https:\/\/tatianabertapsicologa.com.br\/new\/index.php?rest_route=\/wp\/v2\/pages\/1872"}],"collection":[{"href":"https:\/\/tatianabertapsicologa.com.br\/new\/index.php?rest_route=\/wp\/v2\/pages"}],"about":[{"href":"https:\/\/tatianabertapsicologa.com.br\/new\/index.php?rest_route=\/wp\/v2\/types\/page"}],"author":[{"embeddable":true,"href":"https:\/\/tatianabertapsicologa.com.br\/new\/index.php?rest_route=\/wp\/v2\/users\/3"}],"replies":[{"embeddable":true,"href":"https:\/\/tatianabertapsicologa.com.br\/new\/index.php?rest_route=%2Fwp%2Fv2%2Fcomments&post=1872"}],"version-history":[{"count":9,"href":"https:\/\/tatianabertapsicologa.com.br\/new\/index.php?rest_route=\/wp\/v2\/pages\/1872\/revisions"}],"predecessor-version":[{"id":1876,"href":"https:\/\/tatianabertapsicologa.com.br\/new\/index.php?rest_route=\/wp\/v2\/pages\/1872\/revisions\/1876"}],"wp:attachment":[{"href":"https:\/\/tatianabertapsicologa.com.br\/new\/index.php?rest_route=%2Fwp%2Fv2%2Fmedia&parent=1872"}],"curies":[{"name":"wp","href":"https:\/\/api.w.org\/{rel}","templated":true}]}}