{"id":195,"date":"2011-08-12T15:09:14","date_gmt":"2011-08-12T18:09:14","guid":{"rendered":"http:\/\/tatianabertapsicologa.com\/?page_id=195"},"modified":"2014-02-23T22:23:42","modified_gmt":"2014-02-23T22:23:42","slug":"videos","status":"publish","type":"page","link":"https:\/\/tatianabertapsicologa.com.br\/new\/?page_id=195","title":{"rendered":"Entrevistas TV"},"content":{"rendered":"<p>Algumas participa\u00e7\u00f5es da Psic\u00f3loga Tatiana Berta em diferentes emissoras:<\/p>\n<ul>\n<li><b>Convidada para o Programa &#8220;Hoje em Dia&#8221;, da Record, a Psic\u00f3loga Tatiana Berta fala sobre algumas &#8220;desculpas&#8221; dadas quando o namoro acaba:<\/b><\/li>\n<\/ul>\n<p><iframe src=\"http:\/\/player.r7.com\/video\/i\/4d77a7c33d31329ecc72d893?layout=wide252p\" height=\"315\" width=\"448\" frameborder=\"0\" marginwidth=\"0\" marginheight=\"0\" scrolling=\"no\"><\/iframe><\/p>\n<ul>\n<li><strong>\u00a0Psic\u00f3loga Tatiana Berta, em entrevista para a TV Mundi, fala sobre \u00a0&#8220;Mania de Comprar&#8221; e d\u00e1 dicas para evitarmos os preju\u00edzos decorrentes do consumo excessivo:<\/strong><\/li>\n<\/ul>\n<p><iframe title=\"Psic\u00f3loga Tatiana Berta\" width=\"618\" height=\"348\" src=\"https:\/\/www.youtube.com\/embed\/AozQ6UbsdC8?feature=oembed\" frameborder=\"0\" allow=\"accelerometer; autoplay; clipboard-write; encrypted-media; gyroscope; picture-in-picture\" allowfullscreen><\/iframe><\/p>\n<p>&nbsp;<\/p>\n<ul>\n<li><strong>Entrevista ao \u00a0Programa &#8220;\u00daltima Palavra&#8221; \u00a0com o tema: &#8220;Dificuldades nos Relacionamentos&#8221;.\u00a0<\/strong><strong>(Divida em tr\u00eas partes, a seguir):<\/strong><\/li>\n<\/ul>\n<p><strong>Parte 1<\/strong><\/p>\n<p><iframe title=\"Psic\u00f3loga Tatiana Berta Otero - Ultima Palavra (Parte 1\/3)\" width=\"618\" height=\"464\" src=\"https:\/\/www.youtube.com\/embed\/ifFCqCTSD6c?feature=oembed\" frameborder=\"0\" allow=\"accelerometer; autoplay; clipboard-write; encrypted-media; gyroscope; picture-in-picture\" allowfullscreen><\/iframe><\/p>\n<p><strong>Parte 2<\/strong><\/p>\n<p><iframe title=\"Psic\u00f3loga Tatiana Berta Otero - Ultima Palavra (Parte 2\/3)\" width=\"618\" height=\"464\" src=\"https:\/\/www.youtube.com\/embed\/KObLggMkkvo?feature=oembed\" frameborder=\"0\" allow=\"accelerometer; autoplay; clipboard-write; encrypted-media; gyroscope; picture-in-picture\" allowfullscreen><\/iframe><\/p>\n<p><strong>Parte 3<\/strong><\/p>\n<p><iframe title=\"Psic\u00f3loga Tatiana Berta Otero - Ultima Palavra (Parte 3\/3)\" width=\"618\" height=\"464\" src=\"https:\/\/www.youtube.com\/embed\/DMzudTu0cyU?feature=oembed\" frameborder=\"0\" allow=\"accelerometer; autoplay; clipboard-write; encrypted-media; gyroscope; picture-in-picture\" allowfullscreen><\/iframe><\/p>\n<p>&nbsp;<\/p>\n<ul>\n<li><strong>A Psic\u00f3loga Tatiana Berta fala sobre \u201cAutoestima: Medo da rejei\u00e7\u00e3o e Inseguran\u00e7a\u201d para o Programa Eliana Barbosa e Voc\u00ea. A entrevista est\u00e1 dividida em dois blocos, a seguir:<\/strong><\/li>\n<\/ul>\n<p><strong>Parte 1<\/strong><\/p>\n<p><iframe title=\"Programa Eliana Barbosa e Voc\u00ea - Bloco 1 - Parte 1 - 21.03.12 - Tv Mundi\" width=\"618\" height=\"464\" src=\"https:\/\/www.youtube.com\/embed\/nyzJ2W2b2iM?feature=oembed\" frameborder=\"0\" allow=\"accelerometer; autoplay; clipboard-write; encrypted-media; gyroscope; picture-in-picture\" allowfullscreen><\/iframe><\/p>\n<p><strong>Parte 2<\/strong><\/p>\n<p><iframe title=\"Programa Eliana Barbosa e Voc\u00ea - Bloco 2 - Parte 1 - 21.03.12 - Tv Mundi\" width=\"618\" height=\"464\" src=\"https:\/\/www.youtube.com\/embed\/Op8JNCTBwnc?feature=oembed\" frameborder=\"0\" allow=\"accelerometer; autoplay; clipboard-write; encrypted-media; gyroscope; picture-in-picture\" allowfullscreen><\/iframe><\/p>\n<p>&nbsp;<\/p>\n<ul>\n<li>\n<div><strong><span style=\"font-size: small;\">Nesta entrevista para a TV Mundi, a Psic\u00f3loga Tatiana fala sobre como lidar com as expectativas nas rela\u00e7\u00f5es:<\/span><\/strong><\/div>\n<\/li>\n<\/ul>\n<p><iframe title=\"Tatiana Berta Psicologa - fala sobre como lidar com as expectativas nas rela\u00e7\u00f5es.\" width=\"618\" height=\"348\" src=\"https:\/\/www.youtube.com\/embed\/UUGm4Qbk-L8?feature=oembed\" frameborder=\"0\" allow=\"accelerometer; autoplay; clipboard-write; encrypted-media; gyroscope; picture-in-picture\" allowfullscreen><\/iframe><\/p>\n<p>&nbsp;<\/p>\n<ul>\n<li><strong>&#8220;Momento Sa\u00fade&#8221;, com a Psic\u00f3loga Tatiana Berta &#8211; Tema: Cuidar da Autoestima (Exibido pela Rede Gospel de Televis\u00e3o):<\/strong><\/li>\n<\/ul>\n<p style=\"text-align: left;\"><a href=\"http:\/\/youtu.be\/u0tWGYWgwrA\">http:\/\/youtu.be\/u0tWGYWgwrA<\/a><\/p>\n<ul>\n<li><strong>Mat\u00e9ria do Programa &#8220;Hoje em Dia&#8221;, da Record, com a Psic\u00f3loga Tatiana Berta. Tema: Namoro na Adolesc\u00eancia:<\/strong><\/li>\n<\/ul>\n<p><iframe src=\"http:\/\/videos.r7.com\/r7\/service\/video\/playervideo.html?idMedia=4fd748ebfc9b7812db2ac4b7\" height=\"315\" width=\"420\" frameborder=\"0\" marginwidth=\"0\" marginheight=\"0\" scrolling=\"no\"><\/iframe><\/p>\n<p>&nbsp;<\/p>\n<ul>\n<li><strong>A Psic\u00f3loga Tatiana Berta \u00e9 convidada pela Record a falar sobre Compuls\u00e3o por Chocolate:<\/strong><\/li>\n<\/ul>\n<p><iframe src=\"http:\/\/videos.r7.com\/r7\/service\/video\/playervideo.html?idMedia=4dbebfa13d31329ecc731ca1&amp;idCategory=77&amp;embedded=true\" height=\"315\" width=\"420\" frameborder=\"0\" marginwidth=\"0\" marginheight=\"0\" scrolling=\"no\"><\/iframe><\/p>\n<p>&nbsp;<\/p>\n<ul>\n<li><strong>Na mat\u00e9ria a seguir, a psic\u00f3loga Tatiana Berta fala sobre &#8220;Manias&#8221;, em programa gravado\u00a0para a Rede Record:<\/strong><\/li>\n<\/ul>\n<p><iframe title=\"Mat\u00e9ria Colecionador\" width=\"618\" height=\"464\" src=\"https:\/\/www.youtube.com\/embed\/xSSJcMzxgik?feature=oembed\" frameborder=\"0\" allow=\"accelerometer; autoplay; clipboard-write; encrypted-media; gyroscope; picture-in-picture\" allowfullscreen><\/iframe><\/p>\n<p>&nbsp;<\/p>\n<ul>\n<li><strong>Participa\u00e7\u00e3o em mat\u00e9ria da Rede Record com o tema: \u00a8Os opostos realmente se atraem?&#8221;:<\/strong><\/li>\n<\/ul>\n<p><iframe title=\"Psic\u00f3loga Tatiana Berta:  Relacionamentos: &quot;Os opostos se atraem?&quot;\" width=\"618\" height=\"464\" src=\"https:\/\/www.youtube.com\/embed\/oHXQflcizGU?feature=oembed\" frameborder=\"0\" allow=\"accelerometer; autoplay; clipboard-write; encrypted-media; gyroscope; picture-in-picture\" allowfullscreen><\/iframe><\/p>\n<p>&nbsp;<\/p>\n<ul>\n<li><strong>\u00a0Participa\u00e7\u00e3o da Psic\u00f3loga Tatiana Berta \u00a0para a Rede Record com o tema: &#8220;Por que disputamos?&#8221;:<\/strong><\/li>\n<\/ul>\n<p><a href=\"http:\/\/youtu.be\/xviyTHEGRJo\">http:\/\/youtu.be\/xviyTHEGRJo<\/a><\/p>\n<p>&nbsp;<\/p>\n<ul>\n<li><strong>Tatiana Berta \u00e9 entrevistada no \u00a0\u201cDe Bem com a Vida\u201d, falando \u00a0sobre &#8220;Casamento e Separa\u00e7\u00e3o: como conviver bem?&#8221; (Dividida em duas partes, a seguir):<\/strong><\/li>\n<\/ul>\n<p><strong>Parte 1<\/strong><\/p>\n<p><iframe title=\"Psic\u00f3loga Tatiana Berta no &quot;De Bem com a Vida&quot;\" width=\"618\" height=\"464\" src=\"https:\/\/www.youtube.com\/embed\/TqxygV22yWA?feature=oembed\" frameborder=\"0\" allow=\"accelerometer; autoplay; clipboard-write; encrypted-media; gyroscope; picture-in-picture\" allowfullscreen><\/iframe><\/p>\n<p><strong>Parte 2<\/strong><\/p>\n<p><iframe title=\"Psic\u00f3loga Tatiana Berta no &quot;De Bem com a Vida&quot; (Segunda Parte)\" width=\"618\" height=\"464\" src=\"https:\/\/www.youtube.com\/embed\/E7IGNZ0naTs?feature=oembed\" frameborder=\"0\" allow=\"accelerometer; autoplay; clipboard-write; encrypted-media; gyroscope; picture-in-picture\" allowfullscreen><\/iframe><\/p>\n<p><span style=\"font-size: 13px; line-height: 19px;\">\u00a0<\/span><\/p>\n","protected":false},"excerpt":{"rendered":"<p>Algumas participa\u00e7\u00f5es da Psic\u00f3loga Tatiana Berta em diferentes emissoras: Convidada para o Programa &#8220;Hoje em Dia&#8221;, da Record, a Psic\u00f3loga Tatiana Berta fala sobre algumas &#8220;desculpas&#8221; dadas quando o namoro acaba: \u00a0Psic\u00f3loga Tatiana Berta, em entrevista para a TV Mundi, fala sobre \u00a0&#8220;Mania de Comprar&#8221; e d\u00e1 dicas para evitarmos os preju\u00edzos decorrentes do consumo &hellip;<\/p>\n","protected":false},"author":1,"featured_media":0,"parent":0,"menu_order":0,"comment_status":"closed","ping_status":"closed","template":"","meta":[],"_links":{"self":[{"href":"https:\/\/tatianabertapsicologa.com.br\/new\/index.php?rest_route=\/wp\/v2\/pages\/195"}],"collection":[{"href":"https:\/\/tatianabertapsicologa.com.br\/new\/index.php?rest_route=\/wp\/v2\/pages"}],"about":[{"href":"https:\/\/tatianabertapsicologa.com.br\/new\/index.php?rest_route=\/wp\/v2\/types\/page"}],"author":[{"embeddable":true,"href":"https:\/\/tatianabertapsicologa.com.br\/new\/index.php?rest_route=\/wp\/v2\/users\/1"}],"replies":[{"embeddable":true,"href":"https:\/\/tatianabertapsicologa.com.br\/new\/index.php?rest_route=%2Fwp%2Fv2%2Fcomments&post=195"}],"version-history":[{"count":89,"href":"https:\/\/tatianabertapsicologa.com.br\/new\/index.php?rest_route=\/wp\/v2\/pages\/195\/revisions"}],"predecessor-version":[{"id":1889,"href":"https:\/\/tatianabertapsicologa.com.br\/new\/index.php?rest_route=\/wp\/v2\/pages\/195\/revisions\/1889"}],"wp:attachment":[{"href":"https:\/\/tatianabertapsicologa.com.br\/new\/index.php?rest_route=%2Fwp%2Fv2%2Fmedia&parent=195"}],"curies":[{"name":"wp","href":"https:\/\/api.w.org\/{rel}","templated":true}]}}