{"id":4,"date":"2011-08-05T14:38:19","date_gmt":"2011-08-05T17:38:19","guid":{"rendered":"http:\/\/tatianabertapsicologa.com\/?page_id=4"},"modified":"2021-01-26T17:54:07","modified_gmt":"2021-01-26T20:54:07","slug":"quem","status":"publish","type":"page","link":"https:\/\/tatianabertapsicologa.com.br\/new\/?page_id=4","title":{"rendered":"Sobre Tatiana Berta"},"content":{"rendered":"<p style=\"text-align: justify;\"><em>\u00a0 \u00a0 \u00a0 \u00a0 \u00a0<\/em><\/p>\n<p style=\"text-align: center;\"><img loading=\"lazy\" src=\"http:\/\/tatianabertapsicologa.com.br\/home\/wp-content\/uploads\/2011\/08\/Foto-selecionada.jpg\" alt=\"\" width=\"247\" height=\"273\" \/><\/p>\n<p style=\"text-align: center;\"><strong>TATIANA BERTA OTERO<\/strong><\/p>\n<p style=\"text-align: center;\">(CRP 06\/93349)<\/p>\n<p style=\"text-align: justify;\">A Psic\u00f3loga Tatiana Berta come\u00e7ou sua carreira profissional em Educa\u00e7\u00e3o. Estudando Letras, em seu primeiro curso de Gradua\u00e7\u00e3o, foi professora de Portugu\u00eas e Ingl\u00eas para crian\u00e7as, adolescentes e adultos. Ainda nesta \u00e1rea, iniciou trabalhos de consultoria, atuando para importantes Universidades do Rio Grande do Sul, em projetos para educa\u00e7\u00e3o de Adultos Trabalhadores.<\/p>\n<p style=\"text-align: justify;\">Curiosa pelo comportamento humano, buscou o entendimento das vari\u00e1veis que implicavam em determinadas formas de express\u00e3o, peculiares a cada indiv\u00edduo. Na Avia\u00e7\u00e3o Civil, teve oportunidade de aprender ainda mais sobre seu tema de interesse: o comportamento humano. Trabalhou por muitos anos com o\u00a0 Atendimento de Clientes a bordo de aeronaves e Sele\u00e7\u00e3o, Forma\u00e7\u00e3o, Treinamento e Desenvolvimento de Comiss\u00e1rios de Voo. Utilizando toda essa experi\u00eancia como bagagem, estudou Psicologia, tornando-se Psic\u00f3loga Cl\u00ednica e deu in\u00edcio aos atendimentos em consult\u00f3rio.<\/p>\n<p style=\"text-align: justify;\">Realizou P\u00f3s-gradua\u00e7\u00e3o em Terapia Comportamental e Cognitiva, recebendo o t\u00edtulo de Especialista pela Universidade de S\u00e3o Paulo\/USP e Mestrado em Ci\u00eancias (da Sa\u00fade) pela Escola Paulista de Medicina da Universidade Federal de S\u00e3o Paulo\/UNIFESP, com \u00eanfase em pesquisas em Sa\u00fade Coletiva (<em>Mindfulness<\/em> e Promo\u00e7\u00e3o de Sa\u00fade). Ainda na \u00e1rea acad\u00eamica, foi Psic\u00f3loga Colaboradora (Monitoria) do Curso de P\u00f3s-gradua\u00e7\u00e3o em Terapia Comportamental e Cognitiva da Universidade de S\u00e3o Paulo\/USP, prestando assessoria \u00e0 Coordena\u00e7\u00e3o, na supervis\u00e3o dos colegas Psic\u00f3logos, no Hospital Universit\u00e1rio \u2013 HU, da mesma Universidade. Realizou tamb\u00e9m atividades de coordena\u00e7\u00e3o e assist\u00eancia no Ambulat\u00f3rio de <em>Mindfulness<\/em>\u00a0do Mente Aberta &#8211; Centro Brasileiro de <em>Mindfulness<\/em> e Promo\u00e7\u00e3o de Sa\u00fade (grupo de extens\u00e3o da Universidade Federal de S\u00e3o Paulo\/UNIFESP).\u00a0Por meio de cursos complementares \u00e0 sua \u00e1rea de atua\u00e7\u00e3o, recebeu tamb\u00e9m a titula\u00e7\u00e3o de <em>Master, Professional Coach &amp; Mentoring<\/em> pelo Instituto Holos de Desenvolvimento Humano, filiado \u00e0\u00a0<em>ICF (International Coaching Federation)<\/em>. Atualmente, se especializa em Neuropsicologia, com \u00eanfase nos estudos do Transtornos do Espectro Autista (TEA).<\/p>\n<p style=\"text-align: justify;\">Como Psicoterapeuta, acredita que o comportamento humano \u00e9 fruto da intera\u00e7\u00e3o do indiv\u00edduo com o meio e que n\u00e3o h\u00e1 um \u00fanico fator determinante para a compreens\u00e3o das rea\u00e7\u00f5es individuais, pois estas se devem a aprendizagem, pr\u00f3pria de cada ser. Sendo uma constru\u00e7\u00e3o din\u00e2mica, modificada constantemente na intera\u00e7\u00e3o, reside neste fato o campo de atua\u00e7\u00e3o mais belo: a possibilidade da aprendizagem de \u00a0comportamentos facilitadores de melhora de qualidade de vida, \u00a0por meio da interven\u00e7\u00e3o terap\u00eautica.<\/p>\n<p style=\"text-align: justify;\">Tatiana Berta atende na \u00e1rea cl\u00ednica, em consult\u00f3rio particular, em S\u00e3o Paulo, onde tamb\u00e9m presta assessoria aos colegas psic\u00f3logos, que adotam a Terapia Comportamental e Cognitiva como base para seus atendimentos. \u00c9 s\u00f3cia da ABPMC (Associa\u00e7\u00e3o Brasileira de Psicologia e Medicina Comportamental) e da ACBR (Associa\u00e7\u00e3o Brasileira de An\u00e1lise do Comportamento). Presta consultoria comportamental \u00e0 pessoas e empresas nas diferentes \u00e1reas de desenvolvimento, realiza palestras sobre temas relacionados \u00e0 sa\u00fade e comportamento e escreve para seu <em>website<\/em> pessoal e de outros portais, jornais e revistas.<\/p>\n<p style=\"text-align: justify;\">\u00c1reas de Atua\u00e7\u00e3o:<\/p>\n<p style=\"text-align: justify;\"><div class=\"checklist tie-list-shortcode\"><\/div>\n<p style=\"text-align: justify;\">Terapia Comportamental e Cognitiva (Psicoterapia de Adolescentes e Adultos \/ Terapia de Casal\/Terapia Familiar)<\/p>\n<p style=\"text-align: justify;\"><div class=\"checklist tie-list-shortcode\"><\/div>\n<p style=\"text-align: justify;\">Terapia Comportamental baseada em\u00a0<em>Mindfulness<\/em> e Aceita\u00e7\u00e3o<\/p>\n<p style=\"text-align: justify;\"><div class=\"checklist tie-list-shortcode\"><\/div>\n<p style=\"text-align: justify;\">Supervis\u00e3o e Orienta\u00e7\u00e3o de Psic\u00f3logos Cl\u00ednicos<\/p>\n<p style=\"text-align: justify;\"><div class=\"checklist tie-list-shortcode\"><\/div>\n<p style=\"text-align: justify;\">Psicoeduca\u00e7\u00e3o (Orienta\u00e7\u00e3o de Pais)<\/p>\n<p style=\"text-align: justify;\"><div class=\"checklist tie-list-shortcode\"><\/div>\n<p style=\"text-align: justify;\">Palestras<\/p>\n","protected":false},"excerpt":{"rendered":"<p>\u00a0 \u00a0 \u00a0 \u00a0 \u00a0 TATIANA BERTA OTERO (CRP 06\/93349) A Psic\u00f3loga Tatiana Berta come\u00e7ou sua carreira profissional em Educa\u00e7\u00e3o. Estudando Letras, em seu primeiro curso de Gradua\u00e7\u00e3o, foi professora de Portugu\u00eas e Ingl\u00eas para crian\u00e7as, adolescentes e adultos. Ainda nesta \u00e1rea, iniciou trabalhos de consultoria, atuando para importantes Universidades do Rio Grande do Sul, &hellip;<\/p>\n","protected":false},"author":3,"featured_media":0,"parent":0,"menu_order":0,"comment_status":"closed","ping_status":"closed","template":"","meta":[],"_links":{"self":[{"href":"https:\/\/tatianabertapsicologa.com.br\/new\/index.php?rest_route=\/wp\/v2\/pages\/4"}],"collection":[{"href":"https:\/\/tatianabertapsicologa.com.br\/new\/index.php?rest_route=\/wp\/v2\/pages"}],"about":[{"href":"https:\/\/tatianabertapsicologa.com.br\/new\/index.php?rest_route=\/wp\/v2\/types\/page"}],"author":[{"embeddable":true,"href":"https:\/\/tatianabertapsicologa.com.br\/new\/index.php?rest_route=\/wp\/v2\/users\/3"}],"replies":[{"embeddable":true,"href":"https:\/\/tatianabertapsicologa.com.br\/new\/index.php?rest_route=%2Fwp%2Fv2%2Fcomments&post=4"}],"version-history":[{"count":54,"href":"https:\/\/tatianabertapsicologa.com.br\/new\/index.php?rest_route=\/wp\/v2\/pages\/4\/revisions"}],"predecessor-version":[{"id":2742,"href":"https:\/\/tatianabertapsicologa.com.br\/new\/index.php?rest_route=\/wp\/v2\/pages\/4\/revisions\/2742"}],"wp:attachment":[{"href":"https:\/\/tatianabertapsicologa.com.br\/new\/index.php?rest_route=%2Fwp%2Fv2%2Fmedia&parent=4"}],"curies":[{"name":"wp","href":"https:\/\/api.w.org\/{rel}","templated":true}]}}